{"id":458,"date":"2025-09-18T07:18:27","date_gmt":"2025-09-18T12:18:27","guid":{"rendered":"https:\/\/unach.edu.pe\/investigacion\/?page_id=458"},"modified":"2025-10-15T13:59:19","modified_gmt":"2025-10-15T18:59:19","slug":"directivo","status":"publish","type":"page","link":"https:\/\/unach.edu.pe\/investigacion\/directivo\/","title":{"rendered":""},"content":{"rendered":"\t\t<div data-elementor-type=\"wp-page\" data-elementor-id=\"458\" class=\"elementor elementor-458\">\n\t\t\t\t<div class=\"elementor-element elementor-element-d6e2464 e-flex e-con-boxed e-con e-parent\" data-id=\"d6e2464\" data-element_type=\"container\">\n\t\t\t\t\t<div class=\"e-con-inner\">\n\t\t\t\t<div class=\"elementor-element elementor-element-17f0a8e elementor-widget elementor-widget-image\" data-id=\"17f0a8e\" data-element_type=\"widget\" data-widget_type=\"image.default\">\n\t\t\t\t<div class=\"elementor-widget-container\">\n\t\t\t\t\t\t\t\t\t\t\t\t\t\t\t<img fetchpriority=\"high\" decoding=\"async\" width=\"231\" height=\"300\" src=\"https:\/\/unach.edu.pe\/investigacion\/wp-content\/uploads\/2025\/10\/dra1-231x300.jpg\" class=\"attachment-medium size-medium wp-image-548\" alt=\"\" srcset=\"https:\/\/unach.edu.pe\/investigacion\/wp-content\/uploads\/2025\/10\/dra1-231x300.jpg 231w, https:\/\/unach.edu.pe\/investigacion\/wp-content\/uploads\/2025\/10\/dra1-788x1024.jpg 788w, https:\/\/unach.edu.pe\/investigacion\/wp-content\/uploads\/2025\/10\/dra1-768x998.jpg 768w, https:\/\/unach.edu.pe\/investigacion\/wp-content\/uploads\/2025\/10\/dra1-1182x1536.jpg 1182w, https:\/\/unach.edu.pe\/investigacion\/wp-content\/uploads\/2025\/10\/dra1-1575x2048.jpg 1575w, https:\/\/unach.edu.pe\/investigacion\/wp-content\/uploads\/2025\/10\/dra1-scaled.jpg 1969w\" sizes=\"(max-width: 231px) 100vw, 231px\" \/>\t\t\t\t\t\t\t\t\t\t\t\t\t\t\t<\/div>\n\t\t\t\t<\/div>\n\t\t\t\t<div class=\"elementor-element elementor-element-7b77e4e elementor-widget elementor-widget-heading\" data-id=\"7b77e4e\" data-element_type=\"widget\" data-widget_type=\"heading.default\">\n\t\t\t\t<div class=\"elementor-widget-container\">\n\t\t\t\t\t<h2 class=\"elementor-heading-title elementor-size-default\"><h4 class=\"wp-block-heading has-text-align-center has-medium-font-size\" style=\"margin: 0px;padding: 0px;font-weight: 800;line-height: 1.25;font-family: Catamaran, sans-serif;font-size: 20px !important;text-align: center;font-style: normal;letter-spacing: 0.16px;text-indent: 0px;text-transform: none;white-space: normal\">VICEPRESIDENCIA DE INVESTIGACI\u00d3N<\/h4><p class=\"has-text-align-center has-black-color has-text-color has-link-color wp-elements-7cbc976887213c6905a2e1d8be62bcb9\" style=\"margin: 0px 0px 1.6rem;text-align: center;font-family: Catamaran, sans-serif;font-size: 16px;font-style: normal;font-weight: 500;letter-spacing: 0.16px;text-indent: 0px;text-transform: none;white-space: normal\"><strong>Dra. Mar\u00eda Luz Ortiz de Agui<\/strong><\/p><p class=\"has-text-align-center has-black-color has-text-color has-link-color wp-elements-467d1ae005da7cfb23cf574483185687\" style=\"margin: 0px 0px 1.6rem;text-align: center;font-family: Catamaran, sans-serif;font-size: 16px;font-style: normal;font-weight: 500;letter-spacing: 0.16px;text-indent: 0px;text-transform: none;white-space: normal\"><strong>Vicepresidente<\/strong><\/p><\/h2>\t\t\t\t<\/div>\n\t\t\t\t<\/div>\n\t\t\t\t\t<\/div>\n\t\t\t\t<\/div>\n\t\t<div class=\"elementor-element elementor-element-72c193b e-flex e-con-boxed e-con e-parent\" data-id=\"72c193b\" data-element_type=\"container\">\n\t\t\t\t\t<div class=\"e-con-inner\">\n\t\t\t\t<div class=\"elementor-element elementor-element-9e089c4 elementor-align-center elementor-widget elementor-widget-button\" data-id=\"9e089c4\" data-element_type=\"widget\" data-widget_type=\"button.default\">\n\t\t\t\t<div class=\"elementor-widget-container\">\n\t\t\t\t\t\t\t\t\t<div class=\"elementor-button-wrapper\">\n\t\t\t\t\t<a class=\"elementor-button elementor-button-link elementor-size-sm\" href=\"#\">\n\t\t\t\t\t\t<span class=\"elementor-button-content-wrapper\">\n\t\t\t\t\t\t\t\t\t<span class=\"elementor-button-text\">RESOLUCI\u00d3N VICEMINISTERIAL N\u00b0\u202f064\u20112024\u2011MINEDU<\/span>\n\t\t\t\t\t<\/span>\n\t\t\t\t\t<\/a>\n\t\t\t\t<\/div>\n\t\t\t\t\t\t\t\t<\/div>\n\t\t\t\t<\/div>\n\t\t\t\t\t<\/div>\n\t\t\t\t<\/div>\n\t\t<div class=\"elementor-element elementor-element-b958c67 e-flex e-con-boxed e-con e-parent\" data-id=\"b958c67\" data-element_type=\"container\">\n\t\t\t\t\t<div class=\"e-con-inner\">\n\t\t<div class=\"elementor-element elementor-element-eefe15b e-grid e-con-full e-con e-child\" data-id=\"eefe15b\" data-element_type=\"container\">\n\t\t\t\t<div class=\"elementor-element elementor-element-3f7b6bf elementor-widget elementor-widget-image\" data-id=\"3f7b6bf\" data-element_type=\"widget\" data-widget_type=\"image.default\">\n\t\t\t\t<div class=\"elementor-widget-container\">\n\t\t\t\t\t\t\t\t\t\t\t\t\t\t\t<img decoding=\"async\" src=\"https:\/\/unach.edu.pe\/investigacion\/wp-content\/plugins\/elementor\/assets\/images\/placeholder.png\" title=\"\" alt=\"\" loading=\"lazy\" \/>\t\t\t\t\t\t\t\t\t\t\t\t\t\t\t<\/div>\n\t\t\t\t<\/div>\n\t\t\t\t<div class=\"elementor-element elementor-element-17c8994 elementor-widget elementor-widget-image\" data-id=\"17c8994\" data-element_type=\"widget\" data-widget_type=\"image.default\">\n\t\t\t\t<div class=\"elementor-widget-container\">\n\t\t\t\t\t\t\t\t\t\t\t\t\t\t\t<img decoding=\"async\" src=\"https:\/\/unach.edu.pe\/investigacion\/wp-content\/plugins\/elementor\/assets\/images\/placeholder.png\" title=\"\" alt=\"\" loading=\"lazy\" \/>\t\t\t\t\t\t\t\t\t\t\t\t\t\t\t<\/div>\n\t\t\t\t<\/div>\n\t\t\t\t<div class=\"elementor-element elementor-element-e0a32d6 elementor-widget elementor-widget-image\" data-id=\"e0a32d6\" data-element_type=\"widget\" data-widget_type=\"image.default\">\n\t\t\t\t<div class=\"elementor-widget-container\">\n\t\t\t\t\t\t\t\t\t\t\t\t\t\t\t<img decoding=\"async\" src=\"https:\/\/unach.edu.pe\/investigacion\/wp-content\/plugins\/elementor\/assets\/images\/placeholder.png\" title=\"\" alt=\"\" loading=\"lazy\" \/>\t\t\t\t\t\t\t\t\t\t\t\t\t\t\t<\/div>\n\t\t\t\t<\/div>\n\t\t<div class=\"elementor-element elementor-element-14d7231 e-con-full e-flex e-con e-child\" data-id=\"14d7231\" data-element_type=\"container\">\n\t\t\t\t<div class=\"elementor-element elementor-element-3ce08a9 elementor-widget elementor-widget-heading\" data-id=\"3ce08a9\" data-element_type=\"widget\" data-widget_type=\"heading.default\">\n\t\t\t\t<div class=\"elementor-widget-container\">\n\t\t\t\t\t<h2 class=\"elementor-heading-title elementor-size-default\"><h4 class=\"wp-block-heading has-text-align-center has-small-font-size\" style=\"margin: 0px;padding: 0px;font-weight: 800;line-height: 1.25;font-family: Catamaran, sans-serif;font-size: 13px !important;text-align: center;font-style: normal;letter-spacing: 0.15px;text-indent: 0px;text-transform: none;white-space: normal\">\n    INSTITUTO DE INVESTIGACI\u00d3N<\/h4>\n<p class=\"has-text-align-center has-black-color has-text-color has-link-color wp-elements-b5705ec5e881cc57ea61f18d6082086f\" style=\"margin: 0px 0px 1.6rem;text-align: center;font-family: Catamaran, sans-serif;font-size: 15px;font-style: normal;font-weight: 500;letter-spacing: 0.15px;text-indent: 0px;text-transform: none;white-space: normal\">\n    <strong>Dr.\n        Wilson Manuel Castro Silup\u00fa<\/strong><\/p>\n<p class=\"has-text-align-center has-black-color has-text-color has-link-color wp-elements-3674ef5a930a692780a77490357b9657\" style=\"margin: 0px 0px 1.6rem;text-align: center;font-family: Catamaran, sans-serif;font-size: 15px;font-style: normal;font-weight: 500;letter-spacing: 0.15px;text-indent: 0px;text-transform: none;white-space: normal\">\n    <strong>Director\n        del Instituto de Investigaci\u00f3n<\/strong><\/p><\/h2>\t\t\t\t<\/div>\n\t\t\t\t<\/div>\n\t\t\t\t<\/div>\n\t\t\t\t<div class=\"elementor-element elementor-element-e150f3e elementor-widget elementor-widget-heading\" data-id=\"e150f3e\" data-element_type=\"widget\" data-widget_type=\"heading.default\">\n\t\t\t\t<div class=\"elementor-widget-container\">\n\t\t\t\t\t<h2 class=\"elementor-heading-title elementor-size-default\"><h4 class=\"wp-block-heading has-text-align-center has-small-font-size\" style=\"margin: 0px;padding: 0px;font-weight: 800;line-height: 1.25;font-family: Catamaran, sans-serif;font-size: 13px !important;text-align: center;font-style: normal;letter-spacing: 0.15px;text-indent: 0px;text-transform: none;white-space: normal\">\n    <br class=\"Apple-interchange-newline\">DIRECCI\u00d3N DE INNOVACI\u00d3N Y TRANSFERENCIA TECNOL\u00d3GICA<\/h4>\n<p class=\"has-text-align-center has-black-color has-text-color has-link-color wp-elements-0359e6e25d7333e97952ffdc47709960\" style=\"margin: 0px 0px 1.6rem;text-align: center;font-family: Catamaran, sans-serif;font-size: 15px;font-style: normal;font-weight: 500;letter-spacing: 0.15px;text-indent: 0px;text-transform: none;white-space: normal\">\n    <strong>Dr. Nombres Paterno Materno<\/strong><\/p>\n<p class=\"has-text-align-center has-black-color has-text-color has-link-color wp-elements-62603d7f64137c5791e7c8417f199da5\" style=\"margin: 0px 0px 1.6rem;text-align: center;font-family: Catamaran, sans-serif;font-size: 15px;font-style: normal;font-weight: 500;letter-spacing: 0.15px;text-indent: 0px;text-transform: none;white-space: normal\">\n    <strong>Director\n        de Direcci\u00f3n de Innovaci\u00f3n y Transferencia Tecnolog\u00eda<\/strong><\/p><\/h2>\t\t\t\t<\/div>\n\t\t\t\t<\/div>\n\t\t<div class=\"elementor-element elementor-element-421a70c e-con-full e-flex e-con e-child\" data-id=\"421a70c\" data-element_type=\"container\">\n\t\t\t\t<div class=\"elementor-element elementor-element-628e609 elementor-widget elementor-widget-heading\" data-id=\"628e609\" data-element_type=\"widget\" data-widget_type=\"heading.default\">\n\t\t\t\t<div class=\"elementor-widget-container\">\n\t\t\t\t\t<h2 class=\"elementor-heading-title elementor-size-default\"><h4 class=\"wp-block-heading has-text-align-center has-small-font-size\" style=\"margin: 0px;padding: 0px;font-weight: 800;line-height: 1.25;font-family: Catamaran, sans-serif;font-size: 13px !important;text-align: center;font-style: normal;letter-spacing: 0.15px;text-indent: 0px;text-transform: none;white-space: normal\">\n    DIRECCI\u00d3N DE INCUBADORAS DE EMPRESAS<\/h4>\n<p class=\"has-text-align-center has-black-color has-text-color has-link-color wp-elements-dbaabe67c5d21dac179b1637afe4b621\" style=\"margin: 0px 0px 1.6rem;text-align: center;font-family: Catamaran, sans-serif;font-size: 15px;font-style: normal;font-weight: 500;letter-spacing: 0.15px;text-indent: 0px;text-transform: none;white-space: normal\">\n    <strong>Dr. Nombre Paterno Materno<\/strong><\/p>\n<p class=\"has-text-align-center has-black-color has-text-color has-link-color wp-elements-51840b4ee0ed8403add929247949b372\" style=\"margin: 0px 0px 1.6rem;text-align: center;font-family: Catamaran, sans-serif;font-size: 15px;font-style: normal;font-weight: 500;letter-spacing: 0.15px;text-indent: 0px;text-transform: none;white-space: normal\">\n    <strong>Director\n        de Incubadoras de Empresas<\/strong><\/p><\/h2>\t\t\t\t<\/div>\n\t\t\t\t<\/div>\n\t\t\t\t<\/div>\n\t\t\t\t<\/div>\n\t\t\t\t\t<\/div>\n\t\t\t\t<\/div>\n\t\t<div class=\"elementor-element elementor-element-af0b58b e-flex e-con-boxed e-con e-parent\" data-id=\"af0b58b\" data-element_type=\"container\">\n\t\t\t\t\t<div class=\"e-con-inner\">\n\t\t<div class=\"elementor-element elementor-element-9c95149 e-grid e-con-full e-con e-child\" data-id=\"9c95149\" data-element_type=\"container\">\n\t\t\t\t<div class=\"elementor-element elementor-element-3c4c103 elementor-widget elementor-widget-image\" data-id=\"3c4c103\" data-element_type=\"widget\" data-widget_type=\"image.default\">\n\t\t\t\t<div class=\"elementor-widget-container\">\n\t\t\t\t\t\t\t\t\t\t\t\t\t\t\t<img decoding=\"async\" src=\"https:\/\/unach.edu.pe\/investigacion\/wp-content\/plugins\/elementor\/assets\/images\/placeholder.png\" title=\"\" alt=\"\" loading=\"lazy\" \/>\t\t\t\t\t\t\t\t\t\t\t\t\t\t\t<\/div>\n\t\t\t\t<\/div>\n\t\t\t\t<div class=\"elementor-element elementor-element-310e749 elementor-widget elementor-widget-image\" data-id=\"310e749\" data-element_type=\"widget\" data-widget_type=\"image.default\">\n\t\t\t\t<div class=\"elementor-widget-container\">\n\t\t\t\t\t\t\t\t\t\t\t\t\t\t\t<img decoding=\"async\" src=\"https:\/\/unach.edu.pe\/investigacion\/wp-content\/plugins\/elementor\/assets\/images\/placeholder.png\" title=\"\" alt=\"\" loading=\"lazy\" \/>\t\t\t\t\t\t\t\t\t\t\t\t\t\t\t<\/div>\n\t\t\t\t<\/div>\n\t\t\t\t<div class=\"elementor-element elementor-element-446d2a6 elementor-widget elementor-widget-image\" data-id=\"446d2a6\" data-element_type=\"widget\" data-widget_type=\"image.default\">\n\t\t\t\t<div class=\"elementor-widget-container\">\n\t\t\t\t\t\t\t\t\t\t\t\t\t\t\t<img decoding=\"async\" src=\"https:\/\/unach.edu.pe\/investigacion\/wp-content\/plugins\/elementor\/assets\/images\/placeholder.png\" title=\"\" alt=\"\" loading=\"lazy\" \/>\t\t\t\t\t\t\t\t\t\t\t\t\t\t\t<\/div>\n\t\t\t\t<\/div>\n\t\t\t\t<div class=\"elementor-element elementor-element-c609aa0 elementor-widget elementor-widget-heading\" data-id=\"c609aa0\" data-element_type=\"widget\" data-widget_type=\"heading.default\">\n\t\t\t\t<div class=\"elementor-widget-container\">\n\t\t\t\t\t<h2 class=\"elementor-heading-title elementor-size-default\"><h4 class=\"wp-block-heading has-text-align-center has-small-font-size\" style=\"margin: 0px;padding: 0px;font-weight: 800;line-height: 1.25;font-family: Catamaran, sans-serif;font-size: 13px !important;text-align: center;font-style: normal;letter-spacing: 0.15px;text-indent: 0px;text-transform: none;white-space: normal\">\n    DIRECCI\u00d3N DE PRODUCCI\u00d3N DE BIENES Y SERVICIOS<\/h4>\n<p class=\"has-text-align-center has-black-color has-text-color has-link-color wp-elements-5f7e9918a8564da4d72631858567e972\" style=\"margin: 0px 0px 1.6rem;text-align: center;font-family: Catamaran, sans-serif;font-size: 15px;font-style: normal;font-weight: 500;letter-spacing: 0.15px;text-indent: 0px;text-transform: none;white-space: normal\">\n    <strong>M.Sc.\n        Carlomagno Sancho Noriega<\/strong><\/p>\n<p class=\"has-text-align-center has-black-color has-text-color has-link-color wp-elements-e66ea806b09dab39691c98222e65ca0b\" style=\"margin: 0px 0px 1.6rem;text-align: center;font-family: Catamaran, sans-serif;font-size: 15px;font-style: normal;font-weight: 500;letter-spacing: 0.15px;text-indent: 0px;text-transform: none;white-space: normal\">\n    <strong>Director\n        de Producci\u00f3n de Bienes y Servicios<\/strong><\/p><\/h2>\t\t\t\t<\/div>\n\t\t\t\t<\/div>\n\t\t\t\t<div class=\"elementor-element elementor-element-7759623 elementor-widget elementor-widget-heading\" data-id=\"7759623\" data-element_type=\"widget\" data-widget_type=\"heading.default\">\n\t\t\t\t<div class=\"elementor-widget-container\">\n\t\t\t\t\t<h2 class=\"elementor-heading-title elementor-size-default\"><h4 class=\"wp-block-heading has-text-align-center has-small-font-size\" style=\"margin: 0px;padding: 0px;font-weight: 800;line-height: 1.25;font-family: Catamaran, sans-serif;font-size: 13px !important;text-align: center;font-style: normal;letter-spacing: 0.15px;text-indent: 0px;text-transform: none;white-space: normal\">\n    INSTITUTO DE INVESTIGACI\u00d3N<\/h4>\n<p class=\"has-text-align-center has-black-color has-text-color has-link-color wp-elements-b5705ec5e881cc57ea61f18d6082086f\" style=\"margin: 0px 0px 1.6rem;text-align: center;font-family: Catamaran, sans-serif;font-size: 15px;font-style: normal;font-weight: 500;letter-spacing: 0.15px;text-indent: 0px;text-transform: none;white-space: normal\">\n    <strong>Dr.\n        Wilson Manuel Castro Silup\u00fa<\/strong><\/p>\n<p class=\"has-text-align-center has-black-color has-text-color has-link-color wp-elements-3674ef5a930a692780a77490357b9657\" style=\"margin: 0px 0px 1.6rem;text-align: center;font-family: Catamaran, sans-serif;font-size: 15px;font-style: normal;font-weight: 500;letter-spacing: 0.15px;text-indent: 0px;text-transform: none;white-space: normal\">\n    <strong>Director\n        del Instituto de Investigaci\u00f3n<\/strong><\/p><\/h2>\t\t\t\t<\/div>\n\t\t\t\t<\/div>\n\t\t\t\t<div class=\"elementor-element elementor-element-09734c9 elementor-widget elementor-widget-heading\" data-id=\"09734c9\" data-element_type=\"widget\" data-widget_type=\"heading.default\">\n\t\t\t\t<div class=\"elementor-widget-container\">\n\t\t\t\t\t<h2 class=\"elementor-heading-title elementor-size-default\"><h4 class=\"wp-block-heading has-text-align-center has-small-font-size\" style=\"margin: 0px;padding: 0px;font-weight: 800;line-height: 1.25;font-family: Catamaran, sans-serif;font-size: 13px !important;text-align: center;font-style: normal;letter-spacing: 0.15px;text-indent: 0px;text-transform: none;white-space: normal\">\n    INSTITUTO DE INVESTIGACI\u00d3N<\/h4>\n<p class=\"has-text-align-center has-black-color has-text-color has-link-color wp-elements-b5705ec5e881cc57ea61f18d6082086f\" style=\"margin: 0px 0px 1.6rem;text-align: center;font-family: Catamaran, sans-serif;font-size: 15px;font-style: normal;font-weight: 500;letter-spacing: 0.15px;text-indent: 0px;text-transform: none;white-space: normal\">\n    <strong>Dr.\n        Wilson Manuel Castro Silup\u00fa<\/strong><\/p>\n<p class=\"has-text-align-center has-black-color has-text-color has-link-color wp-elements-3674ef5a930a692780a77490357b9657\" style=\"margin: 0px 0px 1.6rem;text-align: center;font-family: Catamaran, sans-serif;font-size: 15px;font-style: normal;font-weight: 500;letter-spacing: 0.15px;text-indent: 0px;text-transform: none;white-space: normal\">\n    <strong>Director\n        del Instituto de Investigaci\u00f3n<\/strong><\/p><\/h2>\t\t\t\t<\/div>\n\t\t\t\t<\/div>\n\t\t\t\t<\/div>\n\t\t\t\t\t<\/div>\n\t\t\t\t<\/div>\n\t\t\t\t<\/div>\n\t\t","protected":false},"excerpt":{"rendered":"<p>VICEPRESIDENCIA DE INVESTIGACI\u00d3N Dra. Mar\u00eda Luz Ortiz de Agui Vicepresidente RESOLUCI\u00d3N VICEMINISTERIAL N\u00b0\u202f064\u20112024\u2011MINEDU INSTITUTO DE INVESTIGACI\u00d3N Dr. Wilson Manuel Castro [&hellip;]<\/p>\n","protected":false},"author":1,"featured_media":0,"parent":0,"menu_order":0,"comment_status":"closed","ping_status":"closed","template":"","meta":{"site-sidebar-layout":"no-sidebar","site-content-layout":"","ast-site-content-layout":"full-width-container","site-content-style":"default","site-sidebar-style":"default","ast-global-header-display":"","ast-banner-title-visibility":"","ast-main-header-display":"","ast-hfb-above-header-display":"","ast-hfb-below-header-display":"","ast-hfb-mobile-header-display":"","site-post-title":"","ast-breadcrumbs-content":"","ast-featured-img":"disabled","footer-sml-layout":"","theme-transparent-header-meta":"disabled","adv-header-id-meta":"","stick-header-meta":"","header-above-stick-meta":"","header-main-stick-meta":"","header-below-stick-meta":"","astra-migrate-meta-layouts":"default","ast-page-background-enabled":"default","ast-page-background-meta":{"desktop":{"background-color":"var(--ast-global-color-4)","background-image":"","background-repeat":"repeat","background-position":"center center","background-size":"auto","background-attachment":"scroll","background-type":"","background-media":"","overlay-type":"","overlay-color":"","overlay-opacity":"","overlay-gradient":""},"tablet":{"background-color":"","background-image":"","background-repeat":"repeat","background-position":"center center","background-size":"auto","background-attachment":"scroll","background-type":"","background-media":"","overlay-type":"","overlay-color":"","overlay-opacity":"","overlay-gradient":""},"mobile":{"background-color":"","background-image":"","background-repeat":"repeat","background-position":"center center","background-size":"auto","background-attachment":"scroll","background-type":"","background-media":"","overlay-type":"","overlay-color":"","overlay-opacity":"","overlay-gradient":""}},"ast-content-background-meta":{"desktop":{"background-color":"var(--ast-global-color-5)","background-image":"","background-repeat":"repeat","background-position":"center center","background-size":"auto","background-attachment":"scroll","background-type":"","background-media":"","overlay-type":"","overlay-color":"","overlay-opacity":"","overlay-gradient":""},"tablet":{"background-color":"var(--ast-global-color-5)","background-image":"","background-repeat":"repeat","background-position":"center center","background-size":"auto","background-attachment":"scroll","background-type":"","background-media":"","overlay-type":"","overlay-color":"","overlay-opacity":"","overlay-gradient":""},"mobile":{"background-color":"var(--ast-global-color-5)","background-image":"","background-repeat":"repeat","background-position":"center center","background-size":"auto","background-attachment":"scroll","background-type":"","background-media":"","overlay-type":"","overlay-color":"","overlay-opacity":"","overlay-gradient":""}},"footnotes":""},"class_list":["post-458","page","type-page","status-publish","hentry"],"_links":{"self":[{"href":"https:\/\/unach.edu.pe\/investigacion\/wp-json\/wp\/v2\/pages\/458","targetHints":{"allow":["GET"]}}],"collection":[{"href":"https:\/\/unach.edu.pe\/investigacion\/wp-json\/wp\/v2\/pages"}],"about":[{"href":"https:\/\/unach.edu.pe\/investigacion\/wp-json\/wp\/v2\/types\/page"}],"author":[{"embeddable":true,"href":"https:\/\/unach.edu.pe\/investigacion\/wp-json\/wp\/v2\/users\/1"}],"replies":[{"embeddable":true,"href":"https:\/\/unach.edu.pe\/investigacion\/wp-json\/wp\/v2\/comments?post=458"}],"version-history":[{"count":36,"href":"https:\/\/unach.edu.pe\/investigacion\/wp-json\/wp\/v2\/pages\/458\/revisions"}],"predecessor-version":[{"id":602,"href":"https:\/\/unach.edu.pe\/investigacion\/wp-json\/wp\/v2\/pages\/458\/revisions\/602"}],"wp:attachment":[{"href":"https:\/\/unach.edu.pe\/investigacion\/wp-json\/wp\/v2\/media?parent=458"}],"curies":[{"name":"wp","href":"https:\/\/api.w.org\/{rel}","templated":true}]}}